{"id":693,"date":"2023-04-14T09:00:00","date_gmt":"2023-04-14T09:00:00","guid":{"rendered":"http:\/\/afersdomestics.cat\/?page_id=693"},"modified":"2024-03-03T22:38:19","modified_gmt":"2024-03-03T22:38:19","slug":"petits-afers","status":"publish","type":"page","link":"https:\/\/afersdomestics.cat\/index.php\/petits-afers\/","title":{"rendered":"Petits Afers"},"content":{"rendered":"\n<p>En aquesta secci\u00f3 us presentem la nostra participaci\u00f3 en el projecte del material did\u00e0ctic &#8216;Un arxiu \u00e9s&#8230;&#8217;, impulsat per la N\u00faria Ca\u00f1ellas (cofundadora d&#8217;Afers Dom\u00e8stics) i la il\u00b7lustradora Anna Domenich, on hi apareix la lletra de la nostra can\u00e7\u00f3 &#8216;Un arxiu \u00e9s&#8230;&#8217; estrenada el 9 de juny de 2020 en motiu del Dia Internacional dels Arxius i enregistrada per incloure-la com a material did\u00e0ctic complementari d&#8217;aquest conte el mar\u00e7 de 2023 al <a href=\"https:\/\/www.bibliotecapilarinbayes.cat\/espais\/espai-lab\/\" data-type=\"URL\" data-id=\"https:\/\/www.bibliotecapilarinbayes.cat\/espais\/espai-lab\/\" target=\"_blank\" rel=\"noreferrer noopener\">LabAusa de la Biblioteca Pilar\u00edn Bay\u00e9s de Vic<\/a>. <\/p>\n\n\n\n<pre class=\"wp-block-verse\">Un arxiu \u00e9s...\nun conte did\u00e0ctic per cultivar: la lectura en catal\u00e0, la descoberta dels arxius del territori i la curiositat per descobrir la nostra hist\u00f2ria, qui som i d'on venim. <\/pre>\n\n\n\n<figure class=\"wp-block-table\"><table><tbody><tr><td><strong>On podeu trobar el conte?<\/strong><br>A les llibreries (demana&#8217;l) i tamb\u00e9 al cat\u00e0leg en l\u00ednia <a href=\"https:\/\/elcepilanansa.com\/categoria-producte\/infantil\/edita-cat\/\" data-type=\"link\" data-id=\"https:\/\/elcepilanansa.com\/categoria-producte\/infantil\/edita-cat\/\">Edita.cat<\/a> (<a href=\"https:\/\/elcepilanansa.com\/producte\/un-arxius-es\/\" data-type=\"link\" data-id=\"https:\/\/elcepilanansa.com\/producte\/un-arxius-es\/\">compra del llibre &#8216;Un arxiu \u00e9s&#8230;&#8217;<\/a>)<br>A les biblioteques (<a href=\"https:\/\/aladi.diba.cat\/search*cat\/?searchtype=X&amp;searcharg=un+arxiu+%C3%A9s&amp;searchscope=171&amp;submit=\">cat\u00e0leg Alad\u00ed,<\/a> <a href=\"https:\/\/ccuc.csuc.cat\/permalink\/34CSUC_NETWORK\/1lvm5kh\/alma991061040551706706\">cat\u00e0leg col\u00b7lectiu de les Universitats de Catalunya &#8211; CCUC<\/a>)<\/td><\/tr><tr><td>V\u00eddeo amb la can\u00e7\u00f3 i lletra (subt\u00edtols) + Partitura de la can\u00e7\u00f3 &#8216;Un arxiu \u00e9s&#8230;&#8217; per a veu i xil\u00f2fon (partitura transcrita per Montserrat Ca\u00f1ellas)<\/td><\/tr><\/tbody><\/table><figcaption class=\"wp-element-caption\">Material did\u00e0ctic que complementa el conte &#8216;Un arxiu \u00e9s&#8230;&#8217; de N\u00faria Ca\u00f1ellas i il\u00b7lustracions d&#8217;Anna Domenich (Edita.cat)<\/figcaption><\/figure>\n\n\n\n<figure class=\"wp-block-embed alignleft is-type-video is-provider-youtube wp-block-embed-youtube wp-embed-aspect-16-9 wp-has-aspect-ratio\"><div class=\"wp-block-embed__wrapper\">\n<iframe loading=\"lazy\" title=\"Un arxiu \u00e9s..., d&#039;Afers Dom\u00e8stics (amb lletra)\" width=\"990\" height=\"557\" src=\"https:\/\/www.youtube.com\/embed\/P4TMYSyzos8?feature=oembed\" frameborder=\"0\" allow=\"accelerometer; autoplay; clipboard-write; encrypted-media; gyroscope; picture-in-picture; web-share\" referrerpolicy=\"strict-origin-when-cross-origin\" allowfullscreen><\/iframe>\n<\/div><\/figure>\n\n\n\n<div data-wp-interactive=\"core\/file\" class=\"wp-block-file\"><object data-wp-bind--hidden=\"!state.hasPdfPreview\" hidden class=\"wp-block-file__embed\" data=\"http:\/\/afersdomestics.cat\/wp-content\/uploads\/2023\/10\/Canco-Un-arxiu-es.-dAfers-Domestics.pdf\" type=\"application\/pdf\" style=\"width:100%;height:600px\" aria-label=\"Incrustaci\u00f3 del fitxer Canco-Un-arxiu-es.-dAfers-Domestics.\"><\/object><a id=\"wp-block-file--media-a8caeba4-1e8d-42dd-ae5a-9f739d3c31f1\" href=\"http:\/\/afersdomestics.cat\/wp-content\/uploads\/2023\/10\/Canco-Un-arxiu-es.-dAfers-Domestics.pdf\">Canco-Un-arxiu-es.-dAfers-Domestics<\/a><a href=\"http:\/\/afersdomestics.cat\/wp-content\/uploads\/2023\/10\/Canco-Un-arxiu-es.-dAfers-Domestics.pdf\" class=\"wp-block-file__button wp-element-button\" download aria-describedby=\"wp-block-file--media-a8caeba4-1e8d-42dd-ae5a-9f739d3c31f1\">Baixa<\/a><\/div>\n\n\n\n<p>. <\/p>\n\n\n\n<h4 class=\"wp-block-heading\">Presentaci\u00f3 del llibre &#8216;Un arxiu \u00e9s&#8230;&#8217; a la Biblioteca Pilar\u00edn Bay\u00e9s de Vic<\/h4>\n\n\n\n<figure class=\"wp-block-embed is-type-video is-provider-youtube wp-block-embed-youtube wp-embed-aspect-16-9 wp-has-aspect-ratio\"><div class=\"wp-block-embed__wrapper\">\n<iframe loading=\"lazy\" title=\"Presentaci\u00f3 del conte &#039;Un arxiu \u00e9s\u2026&#039; de N\u00faria Ca\u00f1ellas\" width=\"990\" height=\"557\" src=\"https:\/\/www.youtube.com\/embed\/5hGA4iaHz58?feature=oembed\" frameborder=\"0\" allow=\"accelerometer; autoplay; clipboard-write; encrypted-media; gyroscope; picture-in-picture; web-share\" referrerpolicy=\"strict-origin-when-cross-origin\" allowfullscreen><\/iframe>\n<\/div><figcaption class=\"wp-element-caption\">Acte de presentaci\u00f3 del conte infantil &#8216;Un arxiu \u00e9s&#8230;&#8217; de N\u00faria Ca\u00f1ellas i il\u00b7lustracions d&#8217;Anna Domenich (21\/10\/2023, Biblioteca Pilar\u00edn Bay\u00e9s de Vic)<\/figcaption><\/figure>\n\n\n\n<div class=\"wp-block-media-text is-stacked-on-mobile\"><figure class=\"wp-block-media-text__media\"><a href=\"https:\/\/cadenaser.com\/podcast\/sercat\/el-tren-de-la-historia\/3396\/\"><img loading=\"lazy\" decoding=\"async\" width=\"760\" height=\"1024\" src=\"https:\/\/afersdomestics.cat\/wp-content\/uploads\/2024\/03\/SerCatalunya_26022024_0303-2-760x1024.jpg\" alt=\"\" class=\"wp-image-882 size-full\" srcset=\"https:\/\/afersdomestics.cat\/wp-content\/uploads\/2024\/03\/SerCatalunya_26022024_0303-2-760x1024.jpg 760w, https:\/\/afersdomestics.cat\/wp-content\/uploads\/2024\/03\/SerCatalunya_26022024_0303-2-223x300.jpg 223w, https:\/\/afersdomestics.cat\/wp-content\/uploads\/2024\/03\/SerCatalunya_26022024_0303-2-768x1035.jpg 768w, https:\/\/afersdomestics.cat\/wp-content\/uploads\/2024\/03\/SerCatalunya_26022024_0303-2-1140x1536.jpg 1140w, https:\/\/afersdomestics.cat\/wp-content\/uploads\/2024\/03\/SerCatalunya_26022024_0303-2.jpg 1187w\" sizes=\"auto, (max-width: 760px) 100vw, 760px\" \/><\/a><\/figure><div class=\"wp-block-media-text__content\">\n<p><a href=\"https:\/\/cadenaser.com\/podcast\/sercat\/el-tren-de-la-historia\/3396\/\" data-type=\"link\" data-id=\"https:\/\/cadenaser.com\/podcast\/sercat\/el-tren-de-la-historia\/3396\/\">Entrevista de Xavier Carmaniu (SER Catalunya) al programa &#8216;El tren de la hist\u00f2ria&#8217; a l&#8217;arxivera N\u00faria Ca\u00f1ellas sobre el conte &#8216;Un arxiu \u00e9s&#8217;, 3\/03\/2024<\/a>.<\/p>\n\n\n\n<p><a href=\"https:\/\/www.taradell.cat\/radio-taradell-107-7\/noticies-105\/nuria-canellas-mare-dun-alumne-de-lescola-el-gurri-explica-els-arxius-als-infants-a-traves-dun-conte.html\" data-type=\"link\" data-id=\"https:\/\/www.taradell.cat\/radio-taradell-107-7\/noticies-105\/nuria-canellas-mare-dun-alumne-de-lescola-el-gurri-explica-els-arxius-als-infants-a-traves-dun-conte.html\">Enlla\u00e7 a <\/a>l&#8217;<a href=\"https:\/\/cadenaser.com\/podcast\/sercat\/el-tren-de-la-historia\/3396\/\" data-type=\"link\" data-id=\"https:\/\/cadenaser.com\/podcast\/sercat\/el-tren-de-la-historia\/3396\/\">\u00e0udio<\/a>.<\/p>\n<\/div><\/div>\n\n\n\n<div class=\"wp-block-media-text is-stacked-on-mobile\"><figure class=\"wp-block-media-text__media\"><img loading=\"lazy\" decoding=\"async\" width=\"1024\" height=\"768\" src=\"https:\/\/afersdomestics.cat\/wp-content\/uploads\/2024\/03\/IMG-20240301-WA0033-1024x768.jpg\" alt=\"\" class=\"wp-image-885 size-full\" srcset=\"https:\/\/afersdomestics.cat\/wp-content\/uploads\/2024\/03\/IMG-20240301-WA0033-1024x768.jpg 1024w, https:\/\/afersdomestics.cat\/wp-content\/uploads\/2024\/03\/IMG-20240301-WA0033-300x225.jpg 300w, https:\/\/afersdomestics.cat\/wp-content\/uploads\/2024\/03\/IMG-20240301-WA0033-768x576.jpg 768w, https:\/\/afersdomestics.cat\/wp-content\/uploads\/2024\/03\/IMG-20240301-WA0033-1536x1152.jpg 1536w, https:\/\/afersdomestics.cat\/wp-content\/uploads\/2024\/03\/IMG-20240301-WA0033-960x720.jpg 960w, https:\/\/afersdomestics.cat\/wp-content\/uploads\/2024\/03\/IMG-20240301-WA0033-640x480.jpg 640w, https:\/\/afersdomestics.cat\/wp-content\/uploads\/2024\/03\/IMG-20240301-WA0033.jpg 1600w\" sizes=\"auto, (max-width: 1024px) 100vw, 1024px\" \/><\/figure><div class=\"wp-block-media-text__content\">\n<p><a href=\"https:\/\/www.taradell.cat\/biblioteca-de-taradell\/bloc-de-la-biblio\/la-biblioteca-acull-la-presentacio-del-llibre-un-arxiu-es...-de-nuria-canellas.html\" data-type=\"link\" data-id=\"https:\/\/www.taradell.cat\/biblioteca-de-taradell\/bloc-de-la-biblio\/la-biblioteca-acull-la-presentacio-del-llibre-un-arxiu-es...-de-nuria-canellas.html\">Presentaci\u00f3 del conte did\u00e0ctic &#8216;Un arxiu \u00e9s&#8217; a la Biblioteca Antoni Pladevall de Taradell<\/a>, 1\/03\/2024.<\/p>\n\n\n\n<p>Amb la pres\u00e8ncia de la poeta i coeditora de <a href=\"https:\/\/www.salze.cat\/editorial\/\" data-type=\"link\" data-id=\"https:\/\/www.salze.cat\/editorial\/\">Salze Editorial<\/a> Marta Vilardaga, la regidora d&#8217;Educaci\u00f3 Montse Font i l&#8217;editora d&#8217;Edita.cat (El Cep i la Nansa)<\/p>\n<\/div><\/div>\n\n\n\n<div class=\"wp-block-media-text is-stacked-on-mobile\"><figure class=\"wp-block-media-text__media\"><img loading=\"lazy\" decoding=\"async\" width=\"523\" height=\"615\" src=\"http:\/\/afersdomestics.cat\/wp-content\/uploads\/2023\/11\/El9Nou_24112023_UnArxiuEs_webdifusio-1.jpg\" alt=\"\" class=\"wp-image-808 size-full\" srcset=\"https:\/\/afersdomestics.cat\/wp-content\/uploads\/2023\/11\/El9Nou_24112023_UnArxiuEs_webdifusio-1.jpg 523w, https:\/\/afersdomestics.cat\/wp-content\/uploads\/2023\/11\/El9Nou_24112023_UnArxiuEs_webdifusio-1-255x300.jpg 255w\" sizes=\"auto, (max-width: 523px) 100vw, 523px\" \/><\/figure><div class=\"wp-block-media-text__content\">\n<p>Ens presenten &#8220;Un arxiu \u00e9s&#8230;&#8221;. Alumnes de l&#8217;escola El Gurri (barri Mont-rodon, Taradell). Cartes al director. El 9 Nou (24\/11\/2023).<\/p>\n<\/div><\/div>\n\n\n\n<div class=\"wp-block-media-text is-stacked-on-mobile\"><figure class=\"wp-block-media-text__media\"><a href=\"http:\/\/afersdomestics.cat\/index.php\/petits-afers\/img-20231027-wa0003\/\"><img loading=\"lazy\" decoding=\"async\" width=\"1024\" height=\"663\" src=\"http:\/\/afersdomestics.cat\/wp-content\/uploads\/2023\/10\/IMG-20231027-WA0003.jpg\" alt=\"\" class=\"wp-image-801 size-full\" srcset=\"https:\/\/afersdomestics.cat\/wp-content\/uploads\/2023\/10\/IMG-20231027-WA0003.jpg 1024w, https:\/\/afersdomestics.cat\/wp-content\/uploads\/2023\/10\/IMG-20231027-WA0003-300x194.jpg 300w, https:\/\/afersdomestics.cat\/wp-content\/uploads\/2023\/10\/IMG-20231027-WA0003-768x497.jpg 768w\" sizes=\"auto, (max-width: 1024px) 100vw, 1024px\" \/><\/a><\/figure><div class=\"wp-block-media-text__content\">\n<p>Arxius de conte. L&#8217;arxivera vigatana N\u00faria Ca\u00f1ellas publica un llibre que explica qu\u00e8 s\u00f3n els arxius als infants. El 9 Nou (27\/10\/2023).<\/p>\n<\/div><\/div>\n\n\n\n<div class=\"wp-block-media-text is-stacked-on-mobile\"><figure class=\"wp-block-media-text__media\"><a href=\"http:\/\/afersdomestics.cat\/index.php\/petits-afers\/img-20231026-wa0033\/\"><img loading=\"lazy\" decoding=\"async\" width=\"1024\" height=\"768\" src=\"http:\/\/afersdomestics.cat\/wp-content\/uploads\/2023\/10\/IMG-20231026-WA0033.jpg\" alt=\"\" class=\"wp-image-794 size-full\" srcset=\"https:\/\/afersdomestics.cat\/wp-content\/uploads\/2023\/10\/IMG-20231026-WA0033.jpg 1024w, https:\/\/afersdomestics.cat\/wp-content\/uploads\/2023\/10\/IMG-20231026-WA0033-300x225.jpg 300w, https:\/\/afersdomestics.cat\/wp-content\/uploads\/2023\/10\/IMG-20231026-WA0033-768x576.jpg 768w, https:\/\/afersdomestics.cat\/wp-content\/uploads\/2023\/10\/IMG-20231026-WA0033-960x720.jpg 960w, https:\/\/afersdomestics.cat\/wp-content\/uploads\/2023\/10\/IMG-20231026-WA0033-640x480.jpg 640w\" sizes=\"auto, (max-width: 1024px) 100vw, 1024px\" \/><\/a><\/figure><div class=\"wp-block-media-text__content\">\n<p>Entrevista de Laia Miralpeix de R\u00e0dio Taradell a N\u00faria Ca\u00f1ellas el 26\/10\/2023. <a href=\"https:\/\/www.taradell.cat\/radio-taradell-107-7\/noticies-105\/nuria-canellas-mare-dun-alumne-de-lescola-el-gurri-explica-els-arxius-als-infants-a-traves-dun-conte.html\" data-type=\"link\" data-id=\"https:\/\/www.taradell.cat\/radio-taradell-107-7\/noticies-105\/nuria-canellas-mare-dun-alumne-de-lescola-el-gurri-explica-els-arxius-als-infants-a-traves-dun-conte.html\">N\u00faria Ca\u00f1ellas explica l&#8217;ofici d&#8217;arxiver a trav\u00e9s d&#8217;un conte<\/a>. (16\/11\/2023). <\/p>\n\n\n\n<p><a href=\"https:\/\/www.taradell.cat\/radio-taradell-107-7\/noticies-105\/nuria-canellas-mare-dun-alumne-de-lescola-el-gurri-explica-els-arxius-als-infants-a-traves-dun-conte.html\" data-type=\"link\" data-id=\"https:\/\/www.taradell.cat\/radio-taradell-107-7\/noticies-105\/nuria-canellas-mare-dun-alumne-de-lescola-el-gurri-explica-els-arxius-als-infants-a-traves-dun-conte.html\">Enlla\u00e7 a la not\u00edcia i a l&#8217;\u00e0udio<\/a><\/p>\n<\/div><\/div>\n\n\n<div class=\"wp-block-image\">\n<figure class=\"alignleft size-full\"><img loading=\"lazy\" decoding=\"async\" width=\"256\" height=\"492\" src=\"http:\/\/afersdomestics.cat\/wp-content\/uploads\/2023\/10\/NoticiaEl9Nou_20102023_UnArxiuEs_difusio.jpg\" alt=\"\" class=\"wp-image-781\" srcset=\"https:\/\/afersdomestics.cat\/wp-content\/uploads\/2023\/10\/NoticiaEl9Nou_20102023_UnArxiuEs_difusio.jpg 256w, https:\/\/afersdomestics.cat\/wp-content\/uploads\/2023\/10\/NoticiaEl9Nou_20102023_UnArxiuEs_difusio-156x300.jpg 156w\" sizes=\"auto, (max-width: 256px) 100vw, 256px\" \/><\/figure>\n<\/div>\n\n\n<p>N\u00faria Ca\u00f1ellas presenta el llibre &#8216;Un arxiu \u00e9s&#8230;&#8217; aquest dissabte (El 9 Nou, 20\/10\/2023). Descarrega l&#8217;article.<\/p>\n\n\n\n<p>#Unarxiues empr\u00e8n el vol. Un conte il\u00b7lustrat per ajudar a descobrir els arxius als m\u00e9s petits. <a href=\"https:\/\/arxivers.com\/ladada\/unarxiues-empren-el-vol-un-conte-illustrat-per-ajudar-a-descobrir-els-arxius-als-mes-petits\/\" data-type=\"link\" data-id=\"https:\/\/arxivers.com\/ladada\/unarxiues-empren-el-vol-un-conte-illustrat-per-ajudar-a-descobrir-els-arxius-als-mes-petits\/\">Enlla\u00e7 a l&#8217;article<\/a> (9\/06\/2023)<\/p>\n\n\n\n<p>Una mare d\u2019un alumne de l\u2019Escola El Gurri inicia una campanya de micromecenatge per poder editar un conte infantil sobre els arxius. <a href=\"https:\/\/www.taradell.com\/2023\/04\/25\/mare-alumne-escola-gurri-inicia-campanya-micromecenatge-per-poder-editar-conte-infantil-sobre-arxius\/\">Enlla\u00e7 a l&#8217;article<\/a> (25\/04\/2023)<\/p>\n\n\n\n<figure class=\"wp-block-embed is-type-wp-embed is-provider-edita-cat wp-block-embed-edita-cat\"><div class=\"wp-block-embed__wrapper\">\n<blockquote class=\"wp-embedded-content\" data-secret=\"ijgC2Rhyty\"><a href=\"https:\/\/edita.cat\/projects\/un-arxiu-es\/\">Un arxiu \u00e9s&#8230;<\/a><\/blockquote><iframe loading=\"lazy\" class=\"wp-embedded-content\" sandbox=\"allow-scripts\" security=\"restricted\" style=\"position: absolute; clip: rect(1px, 1px, 1px, 1px);\" title=\"&#8220;Un arxiu \u00e9s&#8230;&#8221; &#8212; Edita.cat\" src=\"https:\/\/edita.cat\/projects\/un-arxiu-es\/embed\/#?secret=5os0NiofRu#?secret=ijgC2Rhyty\" data-secret=\"ijgC2Rhyty\" width=\"600\" height=\"338\" frameborder=\"0\" marginwidth=\"0\" marginheight=\"0\" scrolling=\"no\"><\/iframe>\n<\/div><\/figure>\n\n\n\n<h2 class=\"wp-block-heading\">Com neix el conte infantil &#8216;Un arxiu \u00e9s&#8230;&#8217;? <\/h2>\n\n\n<div class=\"wp-block-image\">\n<figure class=\"alignleft size-large is-resized\"><img loading=\"lazy\" decoding=\"async\" width=\"651\" height=\"1024\" src=\"http:\/\/afersdomestics.cat\/wp-content\/uploads\/2023\/04\/IMG_20230413_192800-651x1024.jpg\" alt=\"\" class=\"wp-image-707\" style=\"width:326px;height:512px\" srcset=\"https:\/\/afersdomestics.cat\/wp-content\/uploads\/2023\/04\/IMG_20230413_192800-651x1024.jpg 651w, https:\/\/afersdomestics.cat\/wp-content\/uploads\/2023\/04\/IMG_20230413_192800-191x300.jpg 191w, https:\/\/afersdomestics.cat\/wp-content\/uploads\/2023\/04\/IMG_20230413_192800-768x1209.jpg 768w, https:\/\/afersdomestics.cat\/wp-content\/uploads\/2023\/04\/IMG_20230413_192800-976x1536.jpg 976w, https:\/\/afersdomestics.cat\/wp-content\/uploads\/2023\/04\/IMG_20230413_192800.jpg 1080w\" sizes=\"auto, (max-width: 651px) 100vw, 651px\" \/><\/figure>\n<\/div>\n\n\n<p>El conte \u00e9s una realitat gr\u00e0cies a la campanya de financiaci\u00f3 col\u00b7lectiva (crowfunding) per publicar el conte &#8216;Un arxiu \u00e9s&#8230;&#8217; que vam encetar el divendres 14 d&#8217;abril de 2023 i va durar 40 dies.<\/p>\n\n\n\n<p>Aquest conte infantil inclou la can\u00e7\u00f3 &#8216;Un arxiu \u00e9s&#8230;&#8217;, enregistrada al Lab Ausa de la Biblioteca Pilar\u00edn Bay\u00e9s de Vic i tamb\u00e9 s&#8217;enriqueix amb un dossier de material did\u00e0ctic en construcci\u00f3 que de moment inclou la partitura de la can\u00e7\u00f3, transcrita per la Montserrat Ca\u00f1ellas, mestra de m\u00fasica de l&#8217;Institut Miquel Mart\u00ed i Pol de Roda de Ter. <\/p>\n","protected":false},"excerpt":{"rendered":"<p>En aquesta secci\u00f3 us presentem la nostra participaci\u00f3 en el projecte del material did\u00e0ctic &#8216;Un arxiu \u00e9s&#8230;&#8217;, impulsat per la N\u00faria Ca\u00f1ellas (cofundadora d&#8217;Afers Dom\u00e8stics) i la il\u00b7lustradora Anna Domenich,<a href=\"https:\/\/afersdomestics.cat\/index.php\/petits-afers\/\" class=\"more-link\"><span class=\"readmore\">Si vols saber-ne m\u00e9s&#8230;<span class=\"screen-reader-text\">Petits Afers<\/span><\/span><\/a><\/p>\n","protected":false},"author":1,"featured_media":697,"parent":0,"menu_order":0,"comment_status":"closed","ping_status":"closed","template":"","meta":{"footnotes":""},"class_list":["post-693","page","type-page","status-publish","has-post-thumbnail","hentry"],"_links":{"self":[{"href":"https:\/\/afersdomestics.cat\/index.php\/wp-json\/wp\/v2\/pages\/693","targetHints":{"allow":["GET"]}}],"collection":[{"href":"https:\/\/afersdomestics.cat\/index.php\/wp-json\/wp\/v2\/pages"}],"about":[{"href":"https:\/\/afersdomestics.cat\/index.php\/wp-json\/wp\/v2\/types\/page"}],"author":[{"embeddable":true,"href":"https:\/\/afersdomestics.cat\/index.php\/wp-json\/wp\/v2\/users\/1"}],"replies":[{"embeddable":true,"href":"https:\/\/afersdomestics.cat\/index.php\/wp-json\/wp\/v2\/comments?post=693"}],"version-history":[{"count":63,"href":"https:\/\/afersdomestics.cat\/index.php\/wp-json\/wp\/v2\/pages\/693\/revisions"}],"predecessor-version":[{"id":1043,"href":"https:\/\/afersdomestics.cat\/index.php\/wp-json\/wp\/v2\/pages\/693\/revisions\/1043"}],"wp:featuredmedia":[{"embeddable":true,"href":"https:\/\/afersdomestics.cat\/index.php\/wp-json\/wp\/v2\/media\/697"}],"wp:attachment":[{"href":"https:\/\/afersdomestics.cat\/index.php\/wp-json\/wp\/v2\/media?parent=693"}],"curies":[{"name":"wp","href":"https:\/\/api.w.org\/{rel}","templated":true}]}}