{"id":684,"date":"2023-04-10T19:57:22","date_gmt":"2023-04-10T19:57:22","guid":{"rendered":"http:\/\/afersdomestics.cat\/?page_id=684"},"modified":"2026-03-21T19:19:09","modified_gmt":"2026-03-21T19:19:09","slug":"afers-poetics","status":"publish","type":"page","link":"https:\/\/afersdomestics.cat\/index.php\/afers-poetics\/","title":{"rendered":"Afers po\u00e8tics"},"content":{"rendered":"\n<p>&#8220;Afers po\u00e8tics&#8221; \u00e9s una secci\u00f3 nascuda al 2023 i que pret\u00e9n donar veu, des de l&#8217;\u00e0nima de les persones que formem part dels Afers Dom\u00e8stics, a la <a href=\"https:\/\/www.youtube.com\/hashtag\/poesia\">#poesia<\/a> en <a href=\"https:\/\/www.youtube.com\/hashtag\/catal%C3%A0\">#catal\u00e0<\/a>. A continuaci\u00f3, us compartim una selecci\u00f3 d&#8217;alguns poemes recitats al llarg d&#8217;aquest temps.<\/p>\n\n\n\n<figure class=\"wp-block-embed alignleft is-type-video is-provider-youtube wp-block-embed-youtube wp-embed-aspect-16-9 wp-has-aspect-ratio\"><div class=\"wp-block-embed__wrapper\">\n<iframe loading=\"lazy\" title=\"Afers po\u00e8tics \u00b712, d&#039;Afers Dom\u00e8stics\" width=\"990\" height=\"557\" src=\"https:\/\/www.youtube.com\/embed\/dNQ3IjrfxDk?feature=oembed\" frameborder=\"0\" allow=\"accelerometer; autoplay; clipboard-write; encrypted-media; gyroscope; picture-in-picture; web-share\" referrerpolicy=\"strict-origin-when-cross-origin\" allowfullscreen><\/iframe>\n<\/div><figcaption class=\"wp-element-caption\">Afers po\u00e8tics, 12<\/figcaption><\/figure>\n\n\n\n<figure class=\"wp-block-embed alignleft is-type-video is-provider-youtube wp-block-embed-youtube wp-embed-aspect-16-9 wp-has-aspect-ratio\"><div class=\"wp-block-embed__wrapper\">\n<iframe loading=\"lazy\" title=\"Afers po\u00e8tics \u00b7 9, d&#039;Afers Dom\u00e8stics\" width=\"990\" height=\"557\" src=\"https:\/\/www.youtube.com\/embed\/7g5D9Bc3AIc?feature=oembed\" frameborder=\"0\" allow=\"accelerometer; autoplay; clipboard-write; encrypted-media; gyroscope; picture-in-picture; web-share\" referrerpolicy=\"strict-origin-when-cross-origin\" allowfullscreen><\/iframe>\n<\/div><figcaption class=\"wp-element-caption\">Afers po\u00e8tics, 9 <\/figcaption><\/figure>\n\n\n\n<figure class=\"wp-block-embed alignleft is-type-video is-provider-youtube wp-block-embed-youtube wp-embed-aspect-16-9 wp-has-aspect-ratio\"><div class=\"wp-block-embed__wrapper\">\n<iframe loading=\"lazy\" title=\"Afers po\u00e8tics \u00b7 8, d&#039;Afers Dom\u00e8stics\" width=\"990\" height=\"557\" src=\"https:\/\/www.youtube.com\/embed\/6Udg7CsAMO0?feature=oembed\" frameborder=\"0\" allow=\"accelerometer; autoplay; clipboard-write; encrypted-media; gyroscope; picture-in-picture; web-share\" referrerpolicy=\"strict-origin-when-cross-origin\" allowfullscreen><\/iframe>\n<\/div><figcaption class=\"wp-element-caption\">Afers po\u00e8tics, 8 <\/figcaption><\/figure>\n\n\n\n<figure class=\"wp-block-embed alignleft is-type-video is-provider-youtube wp-block-embed-youtube wp-embed-aspect-16-9 wp-has-aspect-ratio\"><div class=\"wp-block-embed__wrapper\">\n<iframe loading=\"lazy\" title=\"Afers po\u00e8tics \u00b7 7, d&#039;Afers Dom\u00e8stics\" width=\"990\" height=\"557\" src=\"https:\/\/www.youtube.com\/embed\/GudVJtu4dKU?feature=oembed\" frameborder=\"0\" allow=\"accelerometer; autoplay; clipboard-write; encrypted-media; gyroscope; picture-in-picture; web-share\" referrerpolicy=\"strict-origin-when-cross-origin\" allowfullscreen><\/iframe>\n<\/div><figcaption class=\"wp-element-caption\">Afers po\u00e8tics, 7 <\/figcaption><\/figure>\n\n\n\n<figure class=\"wp-block-embed alignleft is-type-video is-provider-youtube wp-block-embed-youtube wp-embed-aspect-4-3 wp-has-aspect-ratio\"><div class=\"wp-block-embed__wrapper\">\n<iframe loading=\"lazy\" title=\"Afers Po\u00e8tics \u00b7 6, d&#039;Afers Dom\u00e8stics\" width=\"990\" height=\"743\" src=\"https:\/\/www.youtube.com\/embed\/AzRFVLPpLNs?feature=oembed\" frameborder=\"0\" allow=\"accelerometer; autoplay; clipboard-write; encrypted-media; gyroscope; picture-in-picture; web-share\" referrerpolicy=\"strict-origin-when-cross-origin\" allowfullscreen><\/iframe>\n<\/div><figcaption class=\"wp-element-caption\">Afers po\u00e8tics, 6<\/figcaption><\/figure>\n\n\n\n<figure class=\"wp-block-embed alignleft is-type-video is-provider-youtube wp-block-embed-youtube wp-embed-aspect-4-3 wp-has-aspect-ratio\"><div class=\"wp-block-embed__wrapper\">\n<iframe loading=\"lazy\" title=\"Afers Po\u00e8tics \u00b7 5, d&#039;Afers Dom\u00e8stics\" width=\"990\" height=\"743\" src=\"https:\/\/www.youtube.com\/embed\/C20jLF2ZXis?feature=oembed\" frameborder=\"0\" allow=\"accelerometer; autoplay; clipboard-write; encrypted-media; gyroscope; picture-in-picture; web-share\" referrerpolicy=\"strict-origin-when-cross-origin\" allowfullscreen><\/iframe>\n<\/div><figcaption class=\"wp-element-caption\">Afers po\u00e8tics, 5<\/figcaption><\/figure>\n\n\n\n<figure class=\"wp-block-embed alignleft is-type-video is-provider-youtube wp-block-embed-youtube wp-embed-aspect-4-3 wp-has-aspect-ratio\"><div class=\"wp-block-embed__wrapper\">\n<iframe loading=\"lazy\" title=\"Afers po\u00e8tics \u00b7 4, d&#039;Afers Dom\u00e8stics\" width=\"990\" height=\"743\" src=\"https:\/\/www.youtube.com\/embed\/Nu1fEYKRD64?feature=oembed\" frameborder=\"0\" allow=\"accelerometer; autoplay; clipboard-write; encrypted-media; gyroscope; picture-in-picture; web-share\" referrerpolicy=\"strict-origin-when-cross-origin\" allowfullscreen><\/iframe>\n<\/div><figcaption class=\"wp-element-caption\">Afers po\u00e8tics, 4<\/figcaption><\/figure>\n\n\n\n<figure class=\"wp-block-embed alignleft is-type-video is-provider-youtube wp-block-embed-youtube wp-embed-aspect-16-9 wp-has-aspect-ratio\"><div class=\"wp-block-embed__wrapper\">\n<iframe loading=\"lazy\" title=\"Afers Po\u00e8tics \u00b7 3, d&#039;Afers Dom\u00e8stics\" width=\"990\" height=\"557\" src=\"https:\/\/www.youtube.com\/embed\/Ia7jz9LukNU?feature=oembed\" frameborder=\"0\" allow=\"accelerometer; autoplay; clipboard-write; encrypted-media; gyroscope; picture-in-picture; web-share\" referrerpolicy=\"strict-origin-when-cross-origin\" allowfullscreen><\/iframe>\n<\/div><figcaption class=\"wp-element-caption\">Afers po\u00e8tics, 3<\/figcaption><\/figure>\n\n\n\n<figure class=\"wp-block-embed alignleft is-type-video is-provider-youtube wp-block-embed-youtube wp-embed-aspect-4-3 wp-has-aspect-ratio\"><div class=\"wp-block-embed__wrapper\">\n<iframe loading=\"lazy\" title=\"Afers Po\u00e8tics \u00b7 2, d&#039;Afers Dom\u00e8stics\" width=\"990\" height=\"743\" src=\"https:\/\/www.youtube.com\/embed\/To7I-KzzzaM?feature=oembed\" frameborder=\"0\" allow=\"accelerometer; autoplay; clipboard-write; encrypted-media; gyroscope; picture-in-picture; web-share\" referrerpolicy=\"strict-origin-when-cross-origin\" allowfullscreen><\/iframe>\n<\/div><figcaption class=\"wp-element-caption\">Afers po\u00e8tics, 2<\/figcaption><\/figure>\n\n\n\n<figure class=\"wp-block-embed alignleft is-type-video is-provider-youtube wp-block-embed-youtube wp-embed-aspect-16-9 wp-has-aspect-ratio\"><div class=\"wp-block-embed__wrapper\">\n<iframe loading=\"lazy\" title=\"Afers po\u00e8tics \u00b7 1, d&#039;Afers Dom\u00e8stics\" width=\"990\" height=\"557\" src=\"https:\/\/www.youtube.com\/embed\/YgFymZD-poo?feature=oembed\" frameborder=\"0\" allow=\"accelerometer; autoplay; clipboard-write; encrypted-media; gyroscope; picture-in-picture; web-share\" referrerpolicy=\"strict-origin-when-cross-origin\" allowfullscreen><\/iframe>\n<\/div><figcaption class=\"wp-element-caption\">Afers po\u00e8tics, 1<\/figcaption><\/figure>\n\n\n","protected":false},"excerpt":{"rendered":"<p>&#8220;Afers po\u00e8tics&#8221; \u00e9s una secci\u00f3 nascuda al 2023 i que pret\u00e9n donar veu, des de l&#8217;\u00e0nima de les persones que formem part dels Afers Dom\u00e8stics, a la #poesia en #catal\u00e0.<a href=\"https:\/\/afersdomestics.cat\/index.php\/afers-poetics\/\" class=\"more-link\"><span class=\"readmore\">Si vols saber-ne m\u00e9s&#8230;<span class=\"screen-reader-text\">Afers po\u00e8tics<\/span><\/span><\/a><\/p>\n","protected":false},"author":1,"featured_media":0,"parent":0,"menu_order":5,"comment_status":"closed","ping_status":"closed","template":"","meta":{"footnotes":""},"class_list":["post-684","page","type-page","status-publish","hentry"],"_links":{"self":[{"href":"https:\/\/afersdomestics.cat\/index.php\/wp-json\/wp\/v2\/pages\/684","targetHints":{"allow":["GET"]}}],"collection":[{"href":"https:\/\/afersdomestics.cat\/index.php\/wp-json\/wp\/v2\/pages"}],"about":[{"href":"https:\/\/afersdomestics.cat\/index.php\/wp-json\/wp\/v2\/types\/page"}],"author":[{"embeddable":true,"href":"https:\/\/afersdomestics.cat\/index.php\/wp-json\/wp\/v2\/users\/1"}],"replies":[{"embeddable":true,"href":"https:\/\/afersdomestics.cat\/index.php\/wp-json\/wp\/v2\/comments?post=684"}],"version-history":[{"count":17,"href":"https:\/\/afersdomestics.cat\/index.php\/wp-json\/wp\/v2\/pages\/684\/revisions"}],"predecessor-version":[{"id":1361,"href":"https:\/\/afersdomestics.cat\/index.php\/wp-json\/wp\/v2\/pages\/684\/revisions\/1361"}],"wp:attachment":[{"href":"https:\/\/afersdomestics.cat\/index.php\/wp-json\/wp\/v2\/media?parent=684"}],"curies":[{"name":"wp","href":"https:\/\/api.w.org\/{rel}","templated":true}]}}